{"id":1090,"date":"2018-02-08T19:30:52","date_gmt":"2018-02-08T19:30:52","guid":{"rendered":"http:\/\/fetrib.com\/web\/?page_id=1090"},"modified":"2025-12-05T12:39:18","modified_gmt":"2025-12-05T12:39:18","slug":"organigrama","status":"publish","type":"page","link":"https:\/\/fetrib.com\/web\/organigrama\/","title":{"rendered":"ORGANIGRAMA"},"content":{"rendered":"<h4>La federaci\u00f3 de triatl\u00f3 de les Illes Balears es un organisme complex que ha de atendre a multitud de funcions. Per el desenvolupament d&#8217;aquestes tasques, desde la renovaci\u00f3 de la Junta Directiva, varem optar per la creaci\u00f3 de un grup de feina extens per afavorir la divisi\u00f3 de funcions y la especialitzaci\u00f3. El nou organigrama es el seg\u00fcent:<\/h4>\n<h2>JUNTA DIRECTIVA 2021-2024<\/h2>\n<div class=\"tmm tmm_presidencia\"><div class=\"tmm_4_columns tmm_wrap tmm_theme_f\"><span class=\"tmm_two_containers_tablet\"><\/span><div class=\"tmm_container\"><div class=\"tmm_member\" style=\"border-top:#ff8228 solid 5px;\"><div class=\"tmm_photo tmm_pic_presidencia_0\" style=\"background: url(http:\/\/fetrib.com\/web\/wp-content\/uploads\/2021\/09\/foto_ignasi-e1631816452410.jpeg); margin-left: auto; margin-right:auto; background-size:cover !important;\"><\/div><div class=\"tmm_textblock\"><div class=\"tmm_names\"><span class=\"tmm_fname\">Ignasi<\/span> <span class=\"tmm_lname\">Colom<\/span><\/div><div class=\"tmm_job\">President<\/div><div class=\"tmm_scblock\"><a target=\"_blank\" class=\"tmm_sociallink\" href=\"https:\/\/www.facebook.com\/ignasi.c.pons\" title=\"Facebook\"><img decoding=\"async\" alt=\"Facebook\" src=\"https:\/\/fetrib.com\/web\/wp-content\/plugins\/team-members\/inc\/img\/links\/facebook.png\"\/><\/a><a target=\"_blank\" class=\"tmm_sociallink\" href=\"\" title=\"Instagram\"><img decoding=\"async\" alt=\"Instagram\" src=\"https:\/\/fetrib.com\/web\/wp-content\/plugins\/team-members\/inc\/img\/links\/instagram.png\"\/><\/a><a class=\"tmm_sociallink\" href=\"mailto:&#105;n&#102;&#111;&#064;&#102;&#101;t&#114;i&#098;&#046;&#099;&#111;m\" title=\"Mail\"><img decoding=\"async\" alt=\"Mail\" src=\"https:\/\/fetrib.com\/web\/wp-content\/plugins\/team-members\/inc\/img\/links\/email.png\"\/><\/a><\/div><\/div><\/div><div class=\"tmm_member\" style=\"border-top:#ff8228 solid 5px;\"><div class=\"tmm_photo tmm_pic_presidencia_1\" style=\"background: url(http:\/\/fetrib.com\/web\/wp-content\/uploads\/2018\/02\/Captura-de-pantalla-2021-09-16-a-las-17.10.30.png); margin-left: auto; margin-right:auto; background-size:cover !important;\"><\/div><div class=\"tmm_textblock\"><div class=\"tmm_names\"><span class=\"tmm_fname\">Xisca<\/span> <span class=\"tmm_lname\">Tous<\/span><\/div><div class=\"tmm_job\">Vicepresidenta<\/div><div class=\"tmm_scblock\"><a target=\"_blank\" class=\"tmm_sociallink\" href=\"\" title=\"Facebook\"><img decoding=\"async\" alt=\"Facebook\" src=\"https:\/\/fetrib.com\/web\/wp-content\/plugins\/team-members\/inc\/img\/links\/facebook.png\"\/><\/a><a target=\"_blank\" class=\"tmm_sociallink\" href=\"\" title=\"Instagram\"><img decoding=\"async\" alt=\"Instagram\" src=\"https:\/\/fetrib.com\/web\/wp-content\/plugins\/team-members\/inc\/img\/links\/instagram.png\"\/><\/a><a class=\"tmm_sociallink\" href=\"\" title=\"Email\"><img decoding=\"async\" alt=\"Email\" src=\"https:\/\/fetrib.com\/web\/wp-content\/plugins\/team-members\/inc\/img\/links\/email.png\"\/><\/a><\/div><\/div><\/div><span class=\"tmm_two_containers_tablet\"><\/span><div class=\"tmm_member\" style=\"border-top:#ff8228 solid 5px;\"><div class=\"tmm_photo tmm_pic_presidencia_2\" style=\"background: url(https:\/\/fetrib.com\/web\/wp-content\/uploads\/2018\/02\/Captura-de-Pantalla-2025-11-01-a-las-10.44.50.png); margin-left: auto; margin-right:auto; background-size:cover !important;\"><\/div><div class=\"tmm_textblock\"><div class=\"tmm_names\"><span class=\"tmm_fname\">Miquel<\/span> <span class=\"tmm_lname\">Cap\u00f3<\/span><\/div><div class=\"tmm_job\">Vicepresident<\/div><div class=\"tmm_scblock\"><a target=\"_blank\" class=\"tmm_sociallink\" href=\"\" title=\"\"><img decoding=\"async\" alt=\"\" src=\"https:\/\/fetrib.com\/web\/wp-content\/plugins\/team-members\/inc\/img\/links\/facebook.png\"\/><\/a><a target=\"_blank\" class=\"tmm_sociallink\" href=\"\" title=\"\"><img decoding=\"async\" alt=\"\" src=\"https:\/\/fetrib.com\/web\/wp-content\/plugins\/team-members\/inc\/img\/links\/instagram.png\"\/><\/a><a class=\"tmm_sociallink\" href=\"\" title=\"\"><img decoding=\"async\" alt=\"\" src=\"https:\/\/fetrib.com\/web\/wp-content\/plugins\/team-members\/inc\/img\/links\/email.png\"\/><\/a><\/div><\/div><\/div><div class=\"tmm_member\" style=\"border-top:#ff8228 solid 5px;\"><div class=\"tmm_photo tmm_pic_presidencia_3\" style=\"background: url(http:\/\/fetrib.com\/web\/wp-content\/uploads\/2018\/02\/Captura-de-pantalla-2021-09-16-a-las-17.13.57.png); margin-left: auto; margin-right:auto; background-size:cover !important;\"><\/div><div class=\"tmm_textblock\"><div class=\"tmm_names\"><span class=\"tmm_fname\">Joan<\/span> <span class=\"tmm_lname\">Tauler<\/span><\/div><div class=\"tmm_job\">Tresorer<\/div><div class=\"tmm_scblock\"><a target=\"_blank\" class=\"tmm_sociallink\" href=\"\" title=\"\"><img decoding=\"async\" alt=\"\" src=\"https:\/\/fetrib.com\/web\/wp-content\/plugins\/team-members\/inc\/img\/links\/facebook.png\"\/><\/a><a target=\"_blank\" class=\"tmm_sociallink\" href=\"\" title=\"\"><img decoding=\"async\" alt=\"\" src=\"https:\/\/fetrib.com\/web\/wp-content\/plugins\/team-members\/inc\/img\/links\/instagram.png\"\/><\/a><a class=\"tmm_sociallink\" href=\"mailto:&#116;es&#111;r&#101;ria&#064;&#102;&#101;t&#114;&#105;b&#046;&#099;om\" title=\"\"><img decoding=\"async\" alt=\"\" src=\"https:\/\/fetrib.com\/web\/wp-content\/plugins\/team-members\/inc\/img\/links\/email.png\"\/><\/a><\/div><\/div><\/div><span class=\"tmm_two_containers_tablet\"><\/span><\/div><span class=\"tmm_columns_containers_desktop\"><\/span><div class=\"tmm_container\"><div class=\"tmm_member\" style=\"border-top:#ff8228 solid 5px;\"><div class=\"tmm_photo tmm_pic_presidencia_4\" style=\"background: url(https:\/\/fetrib.com\/web\/wp-content\/uploads\/2018\/02\/Captura-de-Pantalla-2025-11-01-a-las-10.41.58.png); margin-left: auto; margin-right:auto; background-size:cover !important;\"><\/div><div class=\"tmm_textblock\"><div class=\"tmm_names\"><span class=\"tmm_fname\">Maria<\/span> <span class=\"tmm_lname\">Barcel\u00f3<\/span><\/div><div class=\"tmm_job\">Secretaria<\/div><div class=\"tmm_scblock\"><a class=\"tmm_sociallink\" href=\"\" title=\"\"><img decoding=\"async\" alt=\"\" src=\"https:\/\/fetrib.com\/web\/wp-content\/plugins\/team-members\/inc\/img\/links\/email.png\"\/><\/a><\/div><\/div><\/div><div style=\"clear:both;\"><\/div><\/div><\/div><\/div>\n<div class=\"tmm tmm_vocales\"><div class=\"tmm_4_columns tmm_wrap tmm_theme_f\"><span class=\"tmm_two_containers_tablet\"><\/span><div class=\"tmm_container\"><div class=\"tmm_member\" style=\"border-top:#38a3f4 solid 5px;\"><div class=\"tmm_photo tmm_pic_vocales_0\" style=\"background: url(http:\/\/fetrib.com\/web\/wp-content\/uploads\/2018\/02\/isabel.png); margin-left: auto; margin-right:auto; background-size:cover !important;\"><\/div><div class=\"tmm_textblock\"><div class=\"tmm_names\"><span class=\"tmm_fname\">Isabel<\/span> <span class=\"tmm_lname\">Salv\u00e0<\/span><\/div><div class=\"tmm_job\">Vocal<\/div><div class=\"tmm_scblock\"><a target=\"_blank\" class=\"tmm_sociallink\" href=\"\" title=\"\"><img decoding=\"async\" alt=\"\" src=\"https:\/\/fetrib.com\/web\/wp-content\/plugins\/team-members\/inc\/img\/links\/facebook.png\"\/><\/a><a target=\"_blank\" class=\"tmm_sociallink\" href=\"\" title=\"\"><img decoding=\"async\" alt=\"\" src=\"https:\/\/fetrib.com\/web\/wp-content\/plugins\/team-members\/inc\/img\/links\/instagram.png\"\/><\/a><a class=\"tmm_sociallink\" href=\"\" title=\"\"><img decoding=\"async\" alt=\"\" src=\"https:\/\/fetrib.com\/web\/wp-content\/plugins\/team-members\/inc\/img\/links\/email.png\"\/><\/a><\/div><\/div><\/div><div class=\"tmm_member\" style=\"border-top:#38a3f4 solid 5px;\"><div class=\"tmm_photo tmm_pic_vocales_1\" style=\"background: url(http:\/\/fetrib.com\/web\/wp-content\/uploads\/2018\/02\/IMG-20210916-WA0061.jpg); margin-left: auto; margin-right:auto; background-size:cover !important;\"><\/div><div class=\"tmm_textblock\"><div class=\"tmm_names\"><span class=\"tmm_fname\">Susana<\/span> <span class=\"tmm_lname\">Sevillano<\/span><\/div><div class=\"tmm_job\">Vocal<\/div><div class=\"tmm_scblock\"><a target=\"_blank\" class=\"tmm_sociallink\" href=\"\" title=\"\"><img decoding=\"async\" alt=\"\" src=\"https:\/\/fetrib.com\/web\/wp-content\/plugins\/team-members\/inc\/img\/links\/facebook.png\"\/><\/a><a target=\"_blank\" class=\"tmm_sociallink\" href=\"\" title=\"\"><img decoding=\"async\" alt=\"\" src=\"https:\/\/fetrib.com\/web\/wp-content\/plugins\/team-members\/inc\/img\/links\/instagram.png\"\/><\/a><a class=\"tmm_sociallink\" href=\"\" title=\"\"><img decoding=\"async\" alt=\"\" src=\"https:\/\/fetrib.com\/web\/wp-content\/plugins\/team-members\/inc\/img\/links\/email.png\"\/><\/a><\/div><\/div><\/div><span class=\"tmm_two_containers_tablet\"><\/span><div class=\"tmm_member\" style=\"border-top:#38a3f4 solid 5px;\"><div class=\"tmm_textblock\"><div class=\"tmm_names\"><span class=\"tmm_fname\">Diego<\/span> <span class=\"tmm_lname\">Ortiz<\/span><\/div><div class=\"tmm_job\">Vocal<\/div><div class=\"tmm_scblock\"><a target=\"_blank\" class=\"tmm_sociallink\" href=\"\" title=\"\"><img decoding=\"async\" alt=\"\" src=\"https:\/\/fetrib.com\/web\/wp-content\/plugins\/team-members\/inc\/img\/links\/facebook.png\"\/><\/a><a class=\"tmm_sociallink\" href=\"\" title=\"\"><img decoding=\"async\" alt=\"\" src=\"https:\/\/fetrib.com\/web\/wp-content\/plugins\/team-members\/inc\/img\/links\/email.png\"\/><\/a><\/div><\/div><\/div><div style=\"clear:both;\"><\/div><\/div><\/div><\/div>\n<h2>Comit\u00e8 d&#8217;Oficials<\/h2>\n<p>Mallorca: Isabel Salv\u00e0<\/p>\n<p>Eivissa: Eugenio Torregrosa<\/p>\n<p>Menorca: Diego Ortiz<\/p>\n<p>Contacto:<span class=\"flex items-center whitespace-nowrap\">oficialesmallorca@fetrib.com <\/span><\/p>\n<h2>Comit\u00e8 T\u00e8cnic<\/h2>\n<p>Director t\u00e8cnic: Biel Grau<\/p>\n<p>Contacto: <span class=\"flex items-center whitespace-nowrap\">dtecnica@fetrib.com<\/span><\/p>\n<table class=\"tw-table m-0 min-w-full border-collapse border-spacing-0 -separators-horizontal -spacing-default -striped-rows -align-left\">\n<tbody class=\"\">\n<tr class=\"table-row hover:bg-primary-50 dark:hover:bg-primary-900\">\n<td><\/td>\n<td><\/td>\n<\/tr>\n<\/tbody>\n<\/table>\n","protected":false},"excerpt":{"rendered":"<p>La federaci\u00f3 de triatl\u00f3 de les Illes Balears es un organisme complex que ha de atendre a multitud de funcions. Per el desenvolupament d&#8217;aquestes tasques, desde la renovaci\u00f3 de la Junta Directiva, varem optar per la creaci\u00f3 de un grup de feina extens per afavorir la divisi\u00f3 de funcions y la especialitzaci\u00f3. El nou organigrama &#8230;<\/p>\n","protected":false},"author":1,"featured_media":0,"parent":0,"menu_order":0,"comment_status":"closed","ping_status":"closed","template":"","meta":{"_uag_custom_page_level_css":"","footnotes":""},"class_list":["post-1090","page","type-page","status-publish","hentry"],"uagb_featured_image_src":{"full":false,"thumbnail":false,"medium":false,"medium_large":false,"large":false,"1536x1536":false,"2048x2048":false,"tie-small":false,"tie-large":false,"slider":false},"uagb_author_info":{"display_name":"admin","author_link":"https:\/\/fetrib.com\/web\/author\/admin\/"},"uagb_comment_info":0,"uagb_excerpt":"La federaci\u00f3 de triatl\u00f3 de les Illes Balears es un organisme complex que ha de atendre a multitud de funcions. Per el desenvolupament d&#8217;aquestes tasques, desde la renovaci\u00f3 de la Junta Directiva, varem optar per la creaci\u00f3 de un grup de feina extens per afavorir la divisi\u00f3 de funcions y la especialitzaci\u00f3. El nou organigrama&hellip;","_links":{"self":[{"href":"https:\/\/fetrib.com\/web\/wp-json\/wp\/v2\/pages\/1090","targetHints":{"allow":["GET"]}}],"collection":[{"href":"https:\/\/fetrib.com\/web\/wp-json\/wp\/v2\/pages"}],"about":[{"href":"https:\/\/fetrib.com\/web\/wp-json\/wp\/v2\/types\/page"}],"author":[{"embeddable":true,"href":"https:\/\/fetrib.com\/web\/wp-json\/wp\/v2\/users\/1"}],"replies":[{"embeddable":true,"href":"https:\/\/fetrib.com\/web\/wp-json\/wp\/v2\/comments?post=1090"}],"version-history":[{"count":37,"href":"https:\/\/fetrib.com\/web\/wp-json\/wp\/v2\/pages\/1090\/revisions"}],"predecessor-version":[{"id":6546,"href":"https:\/\/fetrib.com\/web\/wp-json\/wp\/v2\/pages\/1090\/revisions\/6546"}],"wp:attachment":[{"href":"https:\/\/fetrib.com\/web\/wp-json\/wp\/v2\/media?parent=1090"}],"curies":[{"name":"wp","href":"https:\/\/api.w.org\/{rel}","templated":true}]}}