{"id":1141,"date":"2018-02-11T21:04:08","date_gmt":"2018-02-11T21:04:08","guid":{"rendered":"http:\/\/fetrib.com\/web\/?page_id=1141"},"modified":"2023-11-16T08:46:52","modified_gmt":"2023-11-16T08:46:52","slug":"clubs","status":"publish","type":"page","link":"https:\/\/fetrib.com\/web\/clubs\/","title":{"rendered":"CLUBS"},"content":{"rendered":"\n<figure class=\"wp-block-table\"><table><tbody><tr><td><strong>CLUB<\/strong><\/td><td><strong>PERSONA DE CONTACTE<\/strong><\/td><td><strong>TEL\u00c8FON<\/strong><\/td><td><strong>ADRE\u00c7A ELECTR\u00d2NICA<\/strong><\/td><\/tr><tr><td>+QTRAIL<\/td><td>Tere Prior<\/td><td>651133839<\/td><td>masqtrail@gmail.com<\/td><\/tr><tr><td>A.E. ENTRENAMIENTOGLOBAL.NET<\/td><td>Josep Maria Buendia<\/td><td>627249958<\/td><td>onbiker@hotmail.com<\/td><\/tr><tr><td>AD IBIZA HALF TRIATHLON<\/td><td>Andoni Valencia<\/td><td>658494395<\/td><td>anva64@hotmail.com<\/td><\/tr><tr><td>ADA CALVIA<\/td><td>Nadia Ouriaghli<\/td><td>617572401<\/td><td>adacalvia@adacalvia.net<\/td><\/tr><tr><td>ALAIOR SPORT<\/td><td>Lucien Paul Florit<\/td><td>689752415<\/td><td>Lucienpaulflorit@gmail.com<\/td><\/tr><tr><td>AMISTAT-FISIOPLANET<\/td><td>Josema Ballesteros<\/td><td>679776091<\/td><td>clubatletismeamistat@hotmail.com<\/td><\/tr><tr><td>ATHLETIC CLUB CAPDEPERA<\/td><td><div><div class=\"v1WordSection1\"><div style=\"text-align: left;\">Javi L\u00f3pez<\/div><\/div><\/div><\/td><td><div><div class=\"v1WordSection1\"> 615015889<\/div><\/div><\/td><td><div><div class=\"v1WordSection1\"><div style=\"text-align: left;\"><a rel=\"noreferrer\" href=\"mailto:acdcapdepera@gmail.com\"><span lang=\"EN-US\">acdcapdepera@gmail.com<\/span><\/a><\/div><\/div><\/div><\/td><\/tr><tr><td>BASE SPORT IBIZA CLUB<\/td><td>Miquel Tur<\/td><td>618193353<\/td><td>basesportibz@gmail.com<\/td><\/tr><tr><td>C.A. ES RAIGUER DE MALLORCA<\/td><td>Alexander Mercadal<\/td><td>635596524<\/td><td>clubatletismesraiguer@gmail.com<\/td><\/tr><tr><td>C.E MALALTS DE TURMELL<\/td><td>Mateu Oliver<\/td><td>686700061<\/td><td>c.e.malaltsdeturmell@gmail.com<\/td><\/tr><tr><td>C.E. CALDENTEY<\/td><td>David Dols<\/td><td>667448230<\/td><td>ddols@me.com<\/td><\/tr><tr><td>C.E. Campanet<\/td><td>Joan Amengual<\/td><td>691349134<\/td><td>cecampanet@gmail.com<\/td><\/tr><tr><td>C.E. Gomila<\/td><td>Angel Gomila<\/td><td>615821966<\/td><td>tienda@ciclosgomila.com<\/td><\/tr><tr><td>C.E. L&#8217;Altura<\/td><td>&nbsp;<\/td><td>&nbsp;<\/td><td>esportsaltura@gmail.com<\/td><\/tr><tr><td>C.N. LLUCMAJOR<\/td><td>Joan Noguera<\/td><td>620345597<\/td><td>cnllucmajor@gmail.com<\/td><\/tr><tr><td>C.T. MONTUIRI<\/td><td>Lloren\u00e7 Gacias Terrasa<\/td><td>696867848<\/td><td>ctmontuiri@gmail.com<\/td><\/tr><tr><td>C.T. PORTOCRISTO<\/td><td>Dimas de la rosa (President)<\/td><td>627 911 41<\/td><td>vintitres0906@hotmail.com<\/td><\/tr><tr><td>CC ANDRATX TRIATLON<\/td><td>Abilio Garc\u00eda S\u00e1nchez<\/td><td>619215582<\/td><td>abiliogs@hotmail.com<\/td><\/tr><tr><td>CC CALA D\u00b4OR<\/td><td>Angel Lopez<\/td><td>&nbsp;<\/td><td>angellopez.maint@gmail.com<\/td><\/tr><tr><td>CC FELANITX<\/td><td>Xesc Artigues<\/td><td>616321242<\/td><td>xescartigues@hotmail.com<\/td><\/tr><tr><td>CC LLORET DE VISTALEGRE<\/td><td>Montserrat Mateu Puigros<\/td><td>625881129<\/td><td>cclloret@gmail.com<\/td><\/tr><tr><td>CC POLLENSA<\/td><td>Pablo Lavergne<\/td><td>609667106<\/td><td>pablo.lavergne@gmail.com<\/td><\/tr><tr><td>CE CAN CALCO HOTELS<\/td><td>M. Ant\u00f2nia Ramon<\/td><td>679057130<\/td><td>administracion@cancalcohotels.com<\/td><\/tr><tr><td>CLUB ATLETISME SON SERVERA<\/td><td>&nbsp;<\/td><td>689672279<\/td><td>casonser@gmail.com<\/td><\/tr><tr><td>CLUB CICLISTA PLATGES DE CALA MILLOR<\/td><td>Sebastian Sureda Maimo<\/td><td>653152308<\/td><td>bicicletes@bicis-sancho.com<\/td><\/tr><tr><td>CLUB DEPORTIVO BEST MEDITERRANEAN<\/td><td>Pamela Geijo<\/td><td>971656560<\/td><td>pamela@bestswimcentre.eu<\/td><\/tr><tr><td>CLUB ESPORTIU ESPALMADOR<\/td><td>Agustin Padilla<\/td><td>667421371<\/td><td>apadilla@padillaygalindo.com<\/td><\/tr><tr><td>CLUB ESPORTIU PALMARUNNERS<\/td><td>Biel Grau Roca<\/td><td>620680189<\/td><td>infopalmarunners@gmail.com<\/td><\/tr><tr><td>CLUB ESPORTIU PICATALONS<\/td><td>&nbsp;<\/td><td>655025774<\/td><td>clubpicatalons@gmail.com<\/td><\/tr><tr><td>CLUB ESPORTIU ROVELLATS<\/td><td>Lloren\u00e7 Reus<\/td><td>646275566<\/td><td>clubesportiurovellats@gmail.com<\/td><\/tr><tr><td>CLUB ESPORTIU SANT LLUIS<\/td><td>Marta Villalonga<\/td><td>971151575<\/td><td>poliesportiu@ajsantlluis.org<\/td><\/tr><tr><td>CLUB ESPORTIU TRIACTIVAT CAMPANET<\/td><td>&nbsp;<\/td><td>606999164<\/td><td>francesc1983@gmail.com<\/td><\/tr><tr><td>CLUB ESPORTIU GALANGA<\/td><td>Alexandre Robledo<\/td><td>609853809<\/td><td><a href=\"mailto:clubesportiugalanga@gmail.com\">clubesportiugalanga@gmail.com<\/a><\/td><\/tr><tr><td>CLUB TRIATL\u00d3 CONSELL<\/td><td>Jos\u00e9 Guerra<\/td><td>647880889<\/td><td>pepguerra@live.com<\/td><\/tr><tr><td>CLUB TRIATLO GLOBAL TRAINING<\/td><td>Jaume Cardona<\/td><td>677404010<\/td><td>jcardonacapo@gmail.com<\/td><\/tr><tr><td>QROMIA CYCLING CLUB<\/td><td>Jordi Caldentey<\/td><td>670214685<\/td><td>jcaldentey1974@gmail.com<\/td><\/tr><tr><td>CLUB TRIATL\u00d3 SANTANY\u00cd<\/td><td>Antonio Seisdedos<\/td><td>678512207<\/td><td>seisdedostoni@gmail.com<\/td><\/tr><tr><td>CLUB TRIATL\u00d3N LOBUT8<\/td><td>Ernesto Valiente<\/td><td>677645731<\/td><td>peasotito@hotmail.com<\/td><\/tr><tr><td>CLUB TRIATLON SA POBLA<\/td><td>Roberto Vicente<\/td><td>696193143<\/td><td>robymrs02@hotmail.com<\/td><\/tr><tr><td>ConectaBalear-Palmafutsal Triatl\u00f3n<\/td><td>Israel Hernandez; Fer G\u00f3mez<\/td><td>620907921<\/td><td>isramagaluf@hotmail.com, fgp.gomez@gmail.com<\/td><\/tr><tr><td>CT TONI COLOM WORLD<\/td><td>Albert Viver<\/td><td>62723499<\/td><td>tcw@tonicolomworld.com<\/td><\/tr><tr><td>CURRO BIKES<\/td><td>Jose Maria Lopez<\/td><td>650880798<\/td><td>clubcurrobikes@hotmail.com<\/td><\/tr><tr><td>DUET-CICLISMOENMALLORCA<\/td><td>Irene Company<\/td><td>695472744<\/td><td>duettri@gmail.com<\/td><\/tr><tr><td>GD PRESUNTOS TRIATLETAS<\/td><td>&nbsp;<\/td><td>649572002<\/td><td>presuntostriatletas@gmail.com<\/td><\/tr><tr><td>GRUP ESPORTIU CICLOS QUINTANA<\/td><td>Pedro Quintana<\/td><td>971442925<\/td><td>info@ciclosquintana.com<\/td><\/tr><tr><td>GRUP ESPORTIU ES VEDRA<\/td><td>Jordi Cardona<\/td><td>679149258<\/td><td>grupesportiuesvedra@gmail.com<\/td><\/tr><tr><td>HOTEL BAH\u00cdA DE ALC\u00daDIA &#8211; ALC\u00daDIA TRIATL\u00d3N<\/td><td>Kiko Mar\u00edn<\/td><td>647793948<\/td><td>tresoreria@alcudiatriatlo.com<\/td><\/tr><tr><td>RDS TRIATL\u00d3<\/td><td>Albert Rodas<\/td><td>\u00a0625549429<\/td><td>lluisrodas@hotmail.com<\/td><\/tr><tr><td>REYNES TRIATL\u00d3 TEAM<\/td><td>Sebasti\u00e0 Casasnovas<\/td><td>636858464<\/td><td>sebastiacasasnovas@gmail.com,<a href=\"mailto:dmagraner89@gmail.com\">dmagraner89@gmail.com<\/a><\/td><\/tr><tr><td>S\u00b4ESCAPADA-HOTELS VIVA<\/td><td>Pep Lliteres<\/td><td>649580529<\/td><td>clubsescapada@gmail.com<\/td><\/tr><tr><td>SA RIBA CLUB TRIATL\u00d3<\/td><td>Toni Tugores<\/td><td>971860631<\/td><td>viratge@gmail.com<\/td><\/tr><tr><td>SA ROQUETA TRAINING<\/td><td>Jaume Garrido Ribas<\/td><td>608772306<\/td><td>saroquetatrain@gmail.com<\/td><\/tr><tr><td>TRIATL\u00d3 MANACOR TRIMAN<\/td><td>Jaume Riera<\/td><td>607408696<\/td><td>kastat@hotmail.com<\/td><\/tr><tr><td>TRIATLO PORTOCOLOM<\/td><td>Jaume Vicens<\/td><td>616010868<\/td><td>triportocolom@hotmail.com<\/td><\/tr><tr><td>TRIATL\u00d3 SANTA EUL\u00c0RIA<\/td><td>Vicenta Tur<\/td><td>669904694<\/td><td>vturmayans@hotmail.com<\/td><\/tr><tr><td>Triatl\u00f3n Trimallorca<\/td><td>Pablo Lavergne<\/td><td>609667106<\/td><td>pablo.lavergne@gmail.com<\/td><\/tr><tr><td>TRIATS.SOM<\/td><td>Miquel Roig<\/td><td>651991043<\/td><td>triats.som@hotmail.com<\/td><\/tr><tr><td>TRIBOMBERS D\u00b4EIVISSA<\/td><td>&nbsp;<\/td><td>649132215<\/td><td>javird025@hotmail.com<\/td><\/tr><tr><td>TRIDEPORTE.COM<\/td><td>F\u00e1tima Blazquez<\/td><td>656 54 93<\/td><td>fatimaentrenador@gmail.com<\/td><\/tr><tr><td>TRIJASA<\/td><td>Vicente Moreno<\/td><td>647910234<\/td><td>vicentemg2004@yahoo.es<\/td><\/tr><tr><td>YES WITH CANCER<\/td><td>Juan Carlos Serra<\/td><td>657590430<\/td><td>jcso_11@hotmail.com<\/td><\/tr><tr><td>XTREMCALVI\u00c0<\/td><td>Guillermo Soler<\/td><td>666744266<\/td><td>qx2002@hotmail.com<\/td><\/tr><\/tbody><\/table><\/figure>\n\n\n\n<p><\/p>\n\n\n\n<p><\/p>\n","protected":false},"excerpt":{"rendered":"<p>CLUBPERSONA DE CONTACTETEL\u00c8FONADRE\u00c7A ELECTR\u00d2NICA+QTRAILTere Prior651133839masqtrail@gmail.comA.E. ENTRENAMIENTOGLOBAL.NETJosep Maria Buendia627249958onbiker@hotmail.comAD IBIZA HALF TRIATHLONAndoni Valencia658494395anva64@hotmail.comADA CALVIANadia Ouriaghli617572401adacalvia@adacalvia.netALAIOR SPORTLucien Paul Florit689752415Lucienpaulflorit@gmail.comAMISTAT-FISIOPLANETJosema Ballesteros679776091clubatletismeamistat@hotmail.comATHLETIC CLUB CAPDEPERAJavi L\u00f3pez 615015889acdcapdepera@gmail.comBASE SPORT IBIZA CLUBMiquel Tur618193353basesportibz@gmail.comC.A. ES RAIGUER DE MALLORCAAlexander Mercadal635596524clubatletismesraiguer@gmail.comC.E MALALTS DE TURMELLMateu Oliver686700061c.e.malaltsdeturmell@gmail.comC.E. CALDENTEYDavid Dols667448230ddols@me.comC.E. CampanetJoan Amengual691349134cecampanet@gmail.comC.E. GomilaAngel Gomila615821966tienda@ciclosgomila.comC.E. L&#8217;Altura&nbsp;&nbsp;esportsaltura@gmail.comC.N. LLUCMAJORJoan Noguera620345597cnllucmajor@gmail.comC.T. MONTUIRILloren\u00e7 Gacias Terrasa696867848ctmontuiri@gmail.comC.T. PORTOCRISTODimas de la rosa (President)627 911 41vintitres0906@hotmail.comCC ANDRATX &#8230;<\/p>\n","protected":false},"author":1,"featured_media":0,"parent":0,"menu_order":0,"comment_status":"closed","ping_status":"closed","template":"","meta":{"_uag_custom_page_level_css":"","footnotes":""},"class_list":["post-1141","page","type-page","status-publish","hentry"],"uagb_featured_image_src":{"full":false,"thumbnail":false,"medium":false,"medium_large":false,"large":false,"1536x1536":false,"2048x2048":false,"tie-small":false,"tie-large":false,"slider":false},"uagb_author_info":{"display_name":"admin","author_link":"https:\/\/fetrib.com\/web\/author\/admin\/"},"uagb_comment_info":0,"uagb_excerpt":"CLUBPERSONA DE CONTACTETEL\u00c8FONADRE\u00c7A ELECTR\u00d2NICA+QTRAILTere Prior651133839masqtrail@gmail.comA.E. ENTRENAMIENTOGLOBAL.NETJosep Maria Buendia627249958onbiker@hotmail.comAD IBIZA HALF TRIATHLONAndoni Valencia658494395anva64@hotmail.comADA CALVIANadia Ouriaghli617572401adacalvia@adacalvia.netALAIOR SPORTLucien Paul Florit689752415Lucienpaulflorit@gmail.comAMISTAT-FISIOPLANETJosema Ballesteros679776091clubatletismeamistat@hotmail.comATHLETIC CLUB CAPDEPERAJavi L\u00f3pez 615015889acdcapdepera@gmail.comBASE SPORT IBIZA CLUBMiquel Tur618193353basesportibz@gmail.comC.A. ES RAIGUER DE MALLORCAAlexander Mercadal635596524clubatletismesraiguer@gmail.comC.E MALALTS DE TURMELLMateu Oliver686700061c.e.malaltsdeturmell@gmail.comC.E. CALDENTEYDavid Dols667448230ddols@me.comC.E. CampanetJoan Amengual691349134cecampanet@gmail.comC.E. GomilaAngel Gomila615821966tienda@ciclosgomila.comC.E. L&#8217;Altura&nbsp;&nbsp;esportsaltura@gmail.comC.N. LLUCMAJORJoan Noguera620345597cnllucmajor@gmail.comC.T. MONTUIRILloren\u00e7 Gacias Terrasa696867848ctmontuiri@gmail.comC.T. PORTOCRISTODimas de la rosa (President)627 911 41vintitres0906@hotmail.comCC ANDRATX&hellip;","_links":{"self":[{"href":"https:\/\/fetrib.com\/web\/wp-json\/wp\/v2\/pages\/1141","targetHints":{"allow":["GET"]}}],"collection":[{"href":"https:\/\/fetrib.com\/web\/wp-json\/wp\/v2\/pages"}],"about":[{"href":"https:\/\/fetrib.com\/web\/wp-json\/wp\/v2\/types\/page"}],"author":[{"embeddable":true,"href":"https:\/\/fetrib.com\/web\/wp-json\/wp\/v2\/users\/1"}],"replies":[{"embeddable":true,"href":"https:\/\/fetrib.com\/web\/wp-json\/wp\/v2\/comments?post=1141"}],"version-history":[{"count":16,"href":"https:\/\/fetrib.com\/web\/wp-json\/wp\/v2\/pages\/1141\/revisions"}],"predecessor-version":[{"id":5495,"href":"https:\/\/fetrib.com\/web\/wp-json\/wp\/v2\/pages\/1141\/revisions\/5495"}],"wp:attachment":[{"href":"https:\/\/fetrib.com\/web\/wp-json\/wp\/v2\/media?parent=1141"}],"curies":[{"name":"wp","href":"https:\/\/api.w.org\/{rel}","templated":true}]}}