{"id":2513,"date":"2019-02-18T10:08:51","date_gmt":"2019-02-18T10:08:51","guid":{"rendered":"http:\/\/fetrib.com\/web\/?page_id=2513"},"modified":"2020-02-25T07:34:45","modified_gmt":"2020-02-25T07:34:45","slug":"ajuts-als-esportistes","status":"publish","type":"page","link":"https:\/\/fetrib.com\/web\/ajuts-als-esportistes\/","title":{"rendered":"Ajuts als esportistes"},"content":{"rendered":"<p>El Govern de les Illes Balears ha publicat al BOIB num 176 del 25\/12\/2014 diverses convocat\u00f2ries d&#8217;ajudes als esportistes.<\/p>\n<p>Podreu trobar la informaci\u00f3 als seg\u00fcents enlla\u00e7os.<\/p>\n<p>Competicions internacionals:<\/p>\n<p><a href=\"https:\/\/www.caib.es\/seucaib\/ca\/200\/persones\/tramites\/tramite\/2205688\">https:\/\/www.caib.es\/seucaib\/ca\/200\/persones\/tramites\/tramite\/2205688<\/a><\/p>\n<p>Despla\u00e7aments a la pen\u00ednsula:<\/p>\n<p><a href=\"https:\/\/www.caib.es\/seucaib\/es\/200\/personas\/tramites\/tramite\/3952868\">https:\/\/www.caib.es\/seucaib\/es\/200\/personas\/tramites\/tramite\/3952868<\/a><\/p>\n<p>Transport de material esportiu:<\/p>\n<p><a href=\"https:\/\/www.caib.es\/seucaib\/ca\/200\/persones\/tramites\/tramite\/2205812\">https:\/\/www.caib.es\/seucaib\/ca\/200\/persones\/tramites\/tramite\/2205812<\/a><\/p>\n","protected":false},"excerpt":{"rendered":"<p>El Govern de les Illes Balears ha publicat al BOIB num 176 del 25\/12\/2014 diverses convocat\u00f2ries d&#8217;ajudes als esportistes. Podreu trobar la informaci\u00f3 als seg\u00fcents enlla\u00e7os. Competicions internacionals: https:\/\/www.caib.es\/seucaib\/ca\/200\/persones\/tramites\/tramite\/2205688 Despla\u00e7aments a la pen\u00ednsula: https:\/\/www.caib.es\/seucaib\/es\/200\/personas\/tramites\/tramite\/3952868 Transport de material esportiu: https:\/\/www.caib.es\/seucaib\/ca\/200\/persones\/tramites\/tramite\/2205812<\/p>\n","protected":false},"author":1,"featured_media":0,"parent":0,"menu_order":0,"comment_status":"closed","ping_status":"closed","template":"","meta":{"_uag_custom_page_level_css":"","footnotes":""},"class_list":["post-2513","page","type-page","status-publish","hentry"],"uagb_featured_image_src":{"full":false,"thumbnail":false,"medium":false,"medium_large":false,"large":false,"1536x1536":false,"2048x2048":false,"tie-small":false,"tie-large":false,"slider":false},"uagb_author_info":{"display_name":"admin","author_link":"https:\/\/fetrib.com\/web\/author\/admin\/"},"uagb_comment_info":0,"uagb_excerpt":"El Govern de les Illes Balears ha publicat al BOIB num 176 del 25\/12\/2014 diverses convocat\u00f2ries d&#8217;ajudes als esportistes. Podreu trobar la informaci\u00f3 als seg\u00fcents enlla\u00e7os. Competicions internacionals: https:\/\/www.caib.es\/seucaib\/ca\/200\/persones\/tramites\/tramite\/2205688 Despla\u00e7aments a la pen\u00ednsula: https:\/\/www.caib.es\/seucaib\/es\/200\/personas\/tramites\/tramite\/3952868 Transport de material esportiu: https:\/\/www.caib.es\/seucaib\/ca\/200\/persones\/tramites\/tramite\/2205812","_links":{"self":[{"href":"https:\/\/fetrib.com\/web\/wp-json\/wp\/v2\/pages\/2513","targetHints":{"allow":["GET"]}}],"collection":[{"href":"https:\/\/fetrib.com\/web\/wp-json\/wp\/v2\/pages"}],"about":[{"href":"https:\/\/fetrib.com\/web\/wp-json\/wp\/v2\/types\/page"}],"author":[{"embeddable":true,"href":"https:\/\/fetrib.com\/web\/wp-json\/wp\/v2\/users\/1"}],"replies":[{"embeddable":true,"href":"https:\/\/fetrib.com\/web\/wp-json\/wp\/v2\/comments?post=2513"}],"version-history":[{"count":3,"href":"https:\/\/fetrib.com\/web\/wp-json\/wp\/v2\/pages\/2513\/revisions"}],"predecessor-version":[{"id":2801,"href":"https:\/\/fetrib.com\/web\/wp-json\/wp\/v2\/pages\/2513\/revisions\/2801"}],"wp:attachment":[{"href":"https:\/\/fetrib.com\/web\/wp-json\/wp\/v2\/media?parent=2513"}],"curies":[{"name":"wp","href":"https:\/\/api.w.org\/{rel}","templated":true}]}}