{"id":5479,"date":"2023-11-06T17:39:14","date_gmt":"2023-11-06T17:39:14","guid":{"rendered":"http:\/\/fetrib.com\/web\/?page_id=5479"},"modified":"2023-12-11T18:54:05","modified_gmt":"2023-12-11T18:54:05","slug":"convocatoria-subvenciones-a-clubes-2023","status":"publish","type":"page","link":"https:\/\/fetrib.com\/web\/convocatoria-subvenciones-a-clubes-2023\/","title":{"rendered":"CONVOCATORIA SUBVENCIONES A CLUBES 2023"},"content":{"rendered":"\n<p>Con el fin de incentivar la participaci\u00f3n de los clubes en los campeonatos auton\u00f3micos y competiciones nacionales, la FETRIB convoca una subvenci\u00f3n para este a\u00f1o 2023.<\/p>\n\n\n\n<p>La partida presupuestaria ser\u00e1 de 5000\u20ac, con la siguiente distribuci\u00f3n, 3000\u20ac para clubes con representaci\u00f3n en ctos de Baleares y 2000\u20ac a clubes con participaci\u00f3n en campeonatos de Espa\u00f1a.<\/p>\n\n\n\n<p>Podr\u00e1n optar a esta subvenci\u00f3n todos los clubes con licencia auton\u00f3mica en la FETRIB.<\/p>\n\n\n\n<p>Pruebas incluidas en esta subvenci\u00f3n:<\/p>\n\n\n\n<p><strong>CAMPEONATOS AUTONOMICOS.<\/strong><\/p>\n\n\n\n<p>\u2013 Campeonato de Baleares de Duatl\u00f3n Sprint<\/p>\n\n\n\n<p>\u2013 Campeonato de Baleares de Triatl\u00f3n Sprint<\/p>\n\n\n\n<p>\u2013 Campeonato de Baleares de Acuatl\u00f3n<\/p>\n\n\n\n<p><strong>PRUEBAS NACIONALES<\/strong><\/p>\n\n\n\n<p>\u2013 Campeonato de Espa\u00f1a Triatl\u00f3n Sprint, \u00c1guilas<\/p>\n\n\n\n<p>\u2013 Campeonato de Espa\u00f1a Triatl\u00f3n Ol\u00edmpico, Coru\u00f1a<\/p>\n\n\n\n<p>\u2013 Campeonato de Espa\u00f1a Triatl\u00f3n MD, Salamanca<\/p>\n\n\n\n<p>\u2013 Campeonato de Espa\u00f1a Triatl\u00f3n LD, Platja d&#8217;Aro<\/p>\n\n\n\n<p>\u2013 Campeonato de Espa\u00f1a Duatl\u00f3n, Soria &#8211; Alcobendas<\/p>\n\n\n\n<p>\u2013 Campeonato de Espa\u00f1a Duatl\u00f3n MD, H\u00edjar<\/p>\n\n\n\n<p>\u2013 Campeonato de Espa\u00f1a Acuatl\u00f3n, Almazan<\/p>\n\n\n\n<p><\/p>\n\n\n\n<p><a href=\"http:\/\/fetrib.com\/web\/wp-content\/uploads\/2023\/11\/Subvencions-2023.pdf\">Normativa subvenci\u00f3n<\/a><\/p>\n\n\n\n<p><a href=\"http:\/\/fetrib.com\/web\/wp-content\/uploads\/2022\/11\/Anexo-proves.xls\">Anexo<\/a><\/p>\n\n\n\n<p><a href=\"http:\/\/fetrib.com\/web\/wp-content\/uploads\/2023\/12\/Resolucio-subvencions-2023-provisional.pdf\">Resoluci\u00f3 provisional<\/a><\/p>\n","protected":false},"excerpt":{"rendered":"<p>Con el fin de incentivar la participaci\u00f3n de los clubes en los campeonatos auton\u00f3micos y competiciones nacionales, la FETRIB convoca una subvenci\u00f3n para este a\u00f1o 2023. La partida presupuestaria ser\u00e1 de 5000\u20ac, con la siguiente distribuci\u00f3n, 3000\u20ac para clubes con representaci\u00f3n en ctos de Baleares y 2000\u20ac a clubes con participaci\u00f3n en campeonatos de Espa\u00f1a. &#8230;<\/p>\n","protected":false},"author":1,"featured_media":3918,"parent":0,"menu_order":0,"comment_status":"closed","ping_status":"closed","template":"","meta":{"_uag_custom_page_level_css":"","footnotes":""},"class_list":["post-5479","page","type-page","status-publish","has-post-thumbnail","hentry"],"uagb_featured_image_src":{"full":["https:\/\/fetrib.com\/web\/wp-content\/uploads\/2022\/07\/Logo-Quadrat-FETRIB-2-e1659420304386.png",200,199,false],"thumbnail":["https:\/\/fetrib.com\/web\/wp-content\/uploads\/2022\/07\/Logo-Quadrat-FETRIB-2-150x150.png",150,150,true],"medium":["https:\/\/fetrib.com\/web\/wp-content\/uploads\/2022\/07\/Logo-Quadrat-FETRIB-2-300x300.png",300,300,true],"medium_large":["https:\/\/fetrib.com\/web\/wp-content\/uploads\/2022\/07\/Logo-Quadrat-FETRIB-2-e1659420304386.png",200,199,false],"large":["https:\/\/fetrib.com\/web\/wp-content\/uploads\/2022\/07\/Logo-Quadrat-FETRIB-2-e1659420304386.png",200,199,false],"1536x1536":["https:\/\/fetrib.com\/web\/wp-content\/uploads\/2022\/07\/Logo-Quadrat-FETRIB-2-e1659420304386.png",200,199,false],"2048x2048":["https:\/\/fetrib.com\/web\/wp-content\/uploads\/2022\/07\/Logo-Quadrat-FETRIB-2-e1659420304386.png",200,199,false],"tie-small":["https:\/\/fetrib.com\/web\/wp-content\/uploads\/2022\/07\/Logo-Quadrat-FETRIB-2-70x70.png",70,70,true],"tie-large":["https:\/\/fetrib.com\/web\/wp-content\/uploads\/2022\/07\/Logo-Quadrat-FETRIB-2-300x160.png",300,160,true],"slider":["https:\/\/fetrib.com\/web\/wp-content\/uploads\/2022\/07\/Logo-Quadrat-FETRIB-2-417x330.png",417,330,true]},"uagb_author_info":{"display_name":"admin","author_link":"https:\/\/fetrib.com\/web\/author\/admin\/"},"uagb_comment_info":0,"uagb_excerpt":"Con el fin de incentivar la participaci\u00f3n de los clubes en los campeonatos auton\u00f3micos y competiciones nacionales, la FETRIB convoca una subvenci\u00f3n para este a\u00f1o 2023. La partida presupuestaria ser\u00e1 de 5000\u20ac, con la siguiente distribuci\u00f3n, 3000\u20ac para clubes con representaci\u00f3n en ctos de Baleares y 2000\u20ac a clubes con participaci\u00f3n en campeonatos de Espa\u00f1a.&hellip;","_links":{"self":[{"href":"https:\/\/fetrib.com\/web\/wp-json\/wp\/v2\/pages\/5479","targetHints":{"allow":["GET"]}}],"collection":[{"href":"https:\/\/fetrib.com\/web\/wp-json\/wp\/v2\/pages"}],"about":[{"href":"https:\/\/fetrib.com\/web\/wp-json\/wp\/v2\/types\/page"}],"author":[{"embeddable":true,"href":"https:\/\/fetrib.com\/web\/wp-json\/wp\/v2\/users\/1"}],"replies":[{"embeddable":true,"href":"https:\/\/fetrib.com\/web\/wp-json\/wp\/v2\/comments?post=5479"}],"version-history":[{"count":3,"href":"https:\/\/fetrib.com\/web\/wp-json\/wp\/v2\/pages\/5479\/revisions"}],"predecessor-version":[{"id":5502,"href":"https:\/\/fetrib.com\/web\/wp-json\/wp\/v2\/pages\/5479\/revisions\/5502"}],"wp:featuredmedia":[{"embeddable":true,"href":"https:\/\/fetrib.com\/web\/wp-json\/wp\/v2\/media\/3918"}],"wp:attachment":[{"href":"https:\/\/fetrib.com\/web\/wp-json\/wp\/v2\/media?parent=5479"}],"curies":[{"name":"wp","href":"https:\/\/api.w.org\/{rel}","templated":true}]}}