{"id":5908,"date":"2024-12-13T15:33:57","date_gmt":"2024-12-13T15:33:57","guid":{"rendered":"https:\/\/fetrib.com\/web\/?page_id=5908"},"modified":"2025-12-18T09:59:59","modified_gmt":"2025-12-18T09:59:59","slug":"com-federar-se-2026","status":"publish","type":"page","link":"https:\/\/fetrib.com\/web\/com-federar-se-2026\/","title":{"rendered":"Com Federar-se 2026"},"content":{"rendered":"<p>A partir de febrer les llic\u00e8ncies no seran operatives fins<strong> 15 dies<\/strong> despr\u00e9s de la seva tramitaci\u00f3.<strong> EN CAP CAS ES FARAN EXCEPCIONS<\/strong>. Si voleu particpar en una prova com a federat heu d&#8217;haver tramitat la llic\u00e8ncia 15 dies abans.<\/p>\n<p><strong>TAXES 2026<\/strong><\/p>\n<p>Llic\u00e8ncies del 31\/12\/2025 al 31\/01\/2026<\/p>\n<ul>\n<li>Llic\u00e8ncia Triatleta absolut 80\u20ac<\/li>\n<li>Llic\u00e8ncia de T\u00e8cnic 40\u20ac<\/li>\n<li>Llic\u00e8ncia d&#8217;Oficial 40\u20ac<\/li>\n<li>Llic\u00e8ncia Triatleta + Oficial 110 \u20ac<\/li>\n<li>Llic\u00e8ncia Triatleta + T\u00e8cnic 110 \u20ac<\/li>\n<li>Llic\u00e8ncia Triatleta + Oficial + T\u00e8cnic 140\u20ac<\/li>\n<\/ul>\n<p>Llic\u00e8ncies del 01\/02\/2026 al 14\/12\/2026<\/p>\n<ul>\n<li>Llic\u00e8ncia Triatleta absolut 100\u20ac<\/li>\n<li>Llic\u00e8ncia de T\u00e8cnic 50\u20ac<\/li>\n<li>Llic\u00e8ncia d&#8217;Oficial 50\u20ac<\/li>\n<li>Llic\u00e8ncia Triatleta + Oficial 125 \u20ac<\/li>\n<li>Llic\u00e8ncia Triatleta + T\u00e8cnic 125 \u20ac<\/li>\n<li>Llic\u00e8ncia Triatleta + Oficial + T\u00e8cnic 150\u20ac<\/li>\n<\/ul>\n<p>Resta de llic\u00e8ncies de 31\/12\/2025 al 14\/12\/2026<\/p>\n<ul>\n<li>Llic\u00e8ncia Triatleta infantil-cadet 45\u20ac<\/li>\n<li>Llic\u00e8ncia Triatleta juvenil 55\u20ac<\/li>\n<li>Llic\u00e8ncia Esport Escolar 20\u20ac<\/li>\n<li>Llic\u00e8ncia Independent 115\u20ac<\/li>\n<li>Llic\u00e8ncia Club 200\u20ac (inclou una llic\u00e8ncia de t\u00e8cnic)<\/li>\n<li>Llic\u00e8ncia Organitzador 200\u20ac<\/li>\n<\/ul>\n<p>Totes les llic\u00e8ncies s\u00f3n nacionals i permeten participar en proves de car\u00e0cter nacional i internacional.<\/p>\n<p><strong>Procediment:<\/strong><\/p>\n<div><b>PORTAL PARA DEPORTISTAS, TECNICOS Y OFICIALES:<\/b>\u00a0<a href=\"https:\/\/portal.triatlon.org\/\">https:\/\/portal.triatlon.org\/<\/a>\u00a0(deben proceder a la comprobaci\u00f3n de datos por seguridad)<\/div>\n<div><\/div>\n<div><b>ACCESO:\u00a0<\/b>Los usuarios para poder acceder al panel deben reestablecer la contrase\u00f1a usando el correo electr\u00f3nico que ten\u00edan.<\/div>\n<div><\/div>\n<div><b>\u00a0<\/b><\/div>\n<div><b>PORTAL CLUBES:<\/b>\u00a0<a href=\"https:\/\/admin.triatlon.org\/\">https:\/\/admin.triatlon.org\/<\/a>\u00a0(deben proceder a la comprobaci\u00f3n de datos por seguridad)<\/div>\n<div><\/div>\n<div><b>ACCESO CLUBES:\u00a0<\/b>Los clubes para poder acceder al panel deben reestablecer la contrase\u00f1a usando el correo electr\u00f3nico del club que ten\u00edan.<\/div>\n<div><\/div>\n<div>EL enlace para la lista de reproducci\u00f3n:<\/div>\n<div><b>VIDEOTUTORIALES &#8211; LISTA DE REPRODUCCI\u00d3N TRAMITACI\u00d3N DE LICENCIA 2026:<\/b><\/div>\n<div><a href=\"https:\/\/www.youtube.com\/watch?v=uS2VjgzZ1_o&amp;list=PL8ytRTWPCVa7cXy5Eg9KH18SqwgEjXKT9\">https:\/\/www.youtube.com\/watch?v=uS2VjgzZ1_o&amp;list=PL8ytRTWPCVa7cXy5Eg9KH18SqwgEjXKT9<\/a><\/div>\n","protected":false},"excerpt":{"rendered":"<p>A partir de febrer les llic\u00e8ncies no seran operatives fins 15 dies despr\u00e9s de la seva tramitaci\u00f3. EN CAP CAS ES FARAN EXCEPCIONS. Si voleu particpar en una prova com a federat heu d&#8217;haver tramitat la llic\u00e8ncia 15 dies abans. TAXES 2026 Llic\u00e8ncies del 31\/12\/2025 al 31\/01\/2026 Llic\u00e8ncia Triatleta absolut 80\u20ac Llic\u00e8ncia de T\u00e8cnic 40\u20ac &#8230;<\/p>\n","protected":false},"author":1,"featured_media":0,"parent":0,"menu_order":0,"comment_status":"closed","ping_status":"closed","template":"","meta":{"_uag_custom_page_level_css":"","footnotes":""},"class_list":["post-5908","page","type-page","status-publish","hentry"],"uagb_featured_image_src":{"full":false,"thumbnail":false,"medium":false,"medium_large":false,"large":false,"1536x1536":false,"2048x2048":false,"tie-small":false,"tie-large":false,"slider":false},"uagb_author_info":{"display_name":"admin","author_link":"https:\/\/fetrib.com\/web\/author\/admin\/"},"uagb_comment_info":0,"uagb_excerpt":"A partir de febrer les llic\u00e8ncies no seran operatives fins 15 dies despr\u00e9s de la seva tramitaci\u00f3. EN CAP CAS ES FARAN EXCEPCIONS. Si voleu particpar en una prova com a federat heu d&#8217;haver tramitat la llic\u00e8ncia 15 dies abans. TAXES 2026 Llic\u00e8ncies del 31\/12\/2025 al 31\/01\/2026 Llic\u00e8ncia Triatleta absolut 80\u20ac Llic\u00e8ncia de T\u00e8cnic 40\u20ac&hellip;","_links":{"self":[{"href":"https:\/\/fetrib.com\/web\/wp-json\/wp\/v2\/pages\/5908","targetHints":{"allow":["GET"]}}],"collection":[{"href":"https:\/\/fetrib.com\/web\/wp-json\/wp\/v2\/pages"}],"about":[{"href":"https:\/\/fetrib.com\/web\/wp-json\/wp\/v2\/types\/page"}],"author":[{"embeddable":true,"href":"https:\/\/fetrib.com\/web\/wp-json\/wp\/v2\/users\/1"}],"replies":[{"embeddable":true,"href":"https:\/\/fetrib.com\/web\/wp-json\/wp\/v2\/comments?post=5908"}],"version-history":[{"count":3,"href":"https:\/\/fetrib.com\/web\/wp-json\/wp\/v2\/pages\/5908\/revisions"}],"predecessor-version":[{"id":6396,"href":"https:\/\/fetrib.com\/web\/wp-json\/wp\/v2\/pages\/5908\/revisions\/6396"}],"wp:attachment":[{"href":"https:\/\/fetrib.com\/web\/wp-json\/wp\/v2\/media?parent=5908"}],"curies":[{"name":"wp","href":"https:\/\/api.w.org\/{rel}","templated":true}]}}