{"id":824,"date":"2013-06-18T11:46:00","date_gmt":"2013-06-18T11:46:00","guid":{"rendered":"http:\/\/themes.tielabs.com\/jarida\/?page_id=824"},"modified":"2024-02-08T11:24:17","modified_gmt":"2024-02-08T11:24:17","slug":"contacte","status":"publish","type":"page","link":"https:\/\/fetrib.com\/web\/contacte\/","title":{"rendered":"CONTACTE"},"content":{"rendered":"<p><strong>L&#8217;ATENCI\u00d3 AL P\u00daBLIC, SERA PER MITJ\u00c0 CITA PR\u00c8VIA, ADAPTANT ELS HORARIS A les NECESSITATS DEL TRIATLETA, CLUB O ORGANITZADOR, PER AIX\u00d2 CONTACTA&#8217;NS ABANS<\/strong><\/p>\n<div class=\"box note\"><div class=\"box-inner-block\"><i class=\"tieicon-boxicon\"><\/i>\n\t\t\t La FETRIB est\u00e0 oberta al p\u00fablic per a qualsevol gesti\u00f3 que necessiteu fer els <strong><span class=\"highlight\">DIMECRES de 9 a 11h<\/span>. <\/strong>Si aquest horari no vos an\u00e0s b\u00e9 podeu concertar una cita i ens adaptarem.<\/p>\n<p><strong><span id=\"cloak24126\"><span style=\"color: #3366ff;\"><a style=\"color: #3366ff;\" href=\"mailto:secretaria@fetrib.com\"><span style=\"color: #ff6600;\">secretaria@fetrib.com<\/span><\/a><\/span>\u00a0&#8211;\u00a0<\/span>tlf: 647 72 90 42<\/strong><\/p>\n\n\t\t\t<\/div><\/div>\n<p><iframe loading=\"lazy\" style=\"border: 0;\" src=\"https:\/\/www.google.com\/maps\/embed?pb=!1m18!1m12!1m3!1d3074.82829617569!2d2.6386613155335548!3d39.5860199794702!2m3!1f0!2f0!3f0!3m2!1i1024!2i768!4f13.1!3m3!1m2!1s0x1297f2baaaaaaaab%3A0x5c756934b1bde9cb!2sFederaci%C3%B3+Triatlo+Illes+Balears!5e0!3m2!1ses!2ses!4v1518382802845\" width=\"1200\" height=\"500\" frameborder=\"0\" allowfullscreen=\"allowfullscreen\"><\/iframe><\/p>\n","protected":false},"excerpt":{"rendered":"<p>L&#8217;ATENCI\u00d3 AL P\u00daBLIC, SERA PER MITJ\u00c0 CITA PR\u00c8VIA, ADAPTANT ELS HORARIS A les NECESSITATS DEL TRIATLETA, CLUB O ORGANITZADOR, PER AIX\u00d2 CONTACTA&#8217;NS ABANS<\/p>\n","protected":false},"author":1,"featured_media":0,"parent":0,"menu_order":0,"comment_status":"closed","ping_status":"open","template":"","meta":{"_uag_custom_page_level_css":"","footnotes":""},"class_list":["post-824","page","type-page","status-publish","hentry"],"uagb_featured_image_src":{"full":false,"thumbnail":false,"medium":false,"medium_large":false,"large":false,"1536x1536":false,"2048x2048":false,"tie-small":false,"tie-large":false,"slider":false},"uagb_author_info":{"display_name":"admin","author_link":"https:\/\/fetrib.com\/web\/author\/admin\/"},"uagb_comment_info":0,"uagb_excerpt":"L&#8217;ATENCI\u00d3 AL P\u00daBLIC, SERA PER MITJ\u00c0 CITA PR\u00c8VIA, ADAPTANT ELS HORARIS A les NECESSITATS DEL TRIATLETA, CLUB O ORGANITZADOR, PER AIX\u00d2 CONTACTA&#8217;NS ABANS","_links":{"self":[{"href":"https:\/\/fetrib.com\/web\/wp-json\/wp\/v2\/pages\/824","targetHints":{"allow":["GET"]}}],"collection":[{"href":"https:\/\/fetrib.com\/web\/wp-json\/wp\/v2\/pages"}],"about":[{"href":"https:\/\/fetrib.com\/web\/wp-json\/wp\/v2\/types\/page"}],"author":[{"embeddable":true,"href":"https:\/\/fetrib.com\/web\/wp-json\/wp\/v2\/users\/1"}],"replies":[{"embeddable":true,"href":"https:\/\/fetrib.com\/web\/wp-json\/wp\/v2\/comments?post=824"}],"version-history":[{"count":19,"href":"https:\/\/fetrib.com\/web\/wp-json\/wp\/v2\/pages\/824\/revisions"}],"predecessor-version":[{"id":5725,"href":"https:\/\/fetrib.com\/web\/wp-json\/wp\/v2\/pages\/824\/revisions\/5725"}],"wp:attachment":[{"href":"https:\/\/fetrib.com\/web\/wp-json\/wp\/v2\/media?parent=824"}],"curies":[{"name":"wp","href":"https:\/\/api.w.org\/{rel}","templated":true}]}}